{"id":512,"date":"2022-02-19T13:06:46","date_gmt":"2022-02-19T16:06:46","guid":{"rendered":"https:\/\/escritorioarte.com\/?page_id=512"},"modified":"2022-09-06T18:15:23","modified_gmt":"2022-09-06T21:15:23","slug":"projetos","status":"publish","type":"page","link":"https:\/\/escritorioarte.com\/index.php\/projetos\/","title":{"rendered":"Projetos"},"content":{"rendered":"\n<div class=\"wp-block-group alignwide is-style-twentytwentyone-border has-transparent-background-color has-background tw-border is-layout-flow wp-block-group-is-layout-flow\"><div class=\"wp-block-group__inner-container\">\n<div class=\"wp-block-columns alignwide are-vertically-aligned-center is-style-default tw-gutter-large has-text-align-right is-layout-flex wp-container-3 wp-block-columns-is-layout-flex\">\n<div class=\"wp-block-column is-vertically-aligned-center is-layout-flow wp-block-column-is-layout-flow\"><div class=\"wp-block-image\">\n<figure class=\"aligncenter size-large\"><img decoding=\"async\" loading=\"lazy\" width=\"1024\" height=\"682\" src=\"https:\/\/escritorioarte.com\/wp-content\/uploads\/2022\/03\/Xingu57_DomicianoDias_7-1024x682.jpg\" alt=\"\" class=\"wp-image-700\" srcset=\"https:\/\/escritorioarte.com\/wp-content\/uploads\/2022\/03\/Xingu57_DomicianoDias_7-1024x682.jpg 1024w, https:\/\/escritorioarte.com\/wp-content\/uploads\/2022\/03\/Xingu57_DomicianoDias_7-300x200.jpg 300w, https:\/\/escritorioarte.com\/wp-content\/uploads\/2022\/03\/Xingu57_DomicianoDias_7-768x512.jpg 768w, https:\/\/escritorioarte.com\/wp-content\/uploads\/2022\/03\/Xingu57_DomicianoDias_7-1536x1024.jpg 1536w, https:\/\/escritorioarte.com\/wp-content\/uploads\/2022\/03\/Xingu57_DomicianoDias_7-1568x1045.jpg 1568w, https:\/\/escritorioarte.com\/wp-content\/uploads\/2022\/03\/Xingu57_DomicianoDias_7.jpg 1772w\" sizes=\"(max-width: 1024px) 100vw, 1024px\" \/><\/figure><\/div><\/div>\n\n\n\n<div class=\"wp-block-column is-vertically-aligned-center ticss-4f9790ba is-layout-flow wp-block-column-is-layout-flow\">\n<h3 class=\"has-text-align-right has-large-font-size wp-block-heading\" id=\"second-item-6\"><a href=\"https:\/\/xingu57.com.br\/\" data-type=\"URL\" data-id=\"https:\/\/xingu57.com.br\/\" target=\"_blank\" rel=\"noreferrer noopener\">Xingu 57<\/a><\/h3>\n\n\n\n<p class=\"has-text-align-right\">O Museu Nacional da Rep\u00fablica recebe, entre 18 de mar\u00e7o e 22 de maio de 2022, acervo in\u00e9dito de registros fotogr\u00e1ficos de uma expedi\u00e7\u00e3o ao Alto Xingu realizada em 1957. As imagens s\u00e3o de autoria de Domiciano Pereira de Souza Dias, cientista que, na companhia do sertanista Orlando Villas B\u00f4as, desceu os rios Xingu e Liberdade, acessando o cora\u00e7\u00e3o da regi\u00e3o onde hoje se localiza o Parque Ind\u00edgena do Xingu, mais importante reserva do g\u00eanero no Brasil.<\/p>\n<\/div>\n<\/div>\n<\/div><\/div>\n\n\n\n<div class=\"wp-block-group alignfull is-layout-flow wp-block-group-is-layout-flow\"><div class=\"wp-block-group__inner-container\">\n<div class=\"wp-block-columns alignwide tw-gutter-large is-layout-flex wp-container-7 wp-block-columns-is-layout-flex\">\n<div class=\"wp-block-column is-layout-flow wp-block-column-is-layout-flow\">\n<figure class=\"wp-block-image size-large\"><a href=\"https:\/\/emcartaz.escritorioarte.com\/\"><img decoding=\"async\" loading=\"lazy\" width=\"1024\" height=\"666\" src=\"https:\/\/escritorioarte.com\/wp-content\/uploads\/2022\/05\/cidadededeus-1024x666.jpg\" alt=\"\" class=\"wp-image-1119\" srcset=\"https:\/\/escritorioarte.com\/wp-content\/uploads\/2022\/05\/cidadededeus-1024x666.jpg 1024w, https:\/\/escritorioarte.com\/wp-content\/uploads\/2022\/05\/cidadededeus-300x195.jpg 300w, https:\/\/escritorioarte.com\/wp-content\/uploads\/2022\/05\/cidadededeus-768x499.jpg 768w, https:\/\/escritorioarte.com\/wp-content\/uploads\/2022\/05\/cidadededeus.jpg 1200w\" sizes=\"(max-width: 1024px) 100vw, 1024px\" \/><\/a><\/figure>\n\n\n\n<h3 class=\"has-large-font-size wp-block-heading\" id=\"first-item-7\"><a href=\"https:\/\/emcartaz.escritorioarte.com\/\" data-type=\"URL\" data-id=\"https:\/\/emcartaz.escritorioarte.com\/\" target=\"_blank\" rel=\"noreferrer noopener\">Em cartaz<\/a><\/h3>\n\n\n\n<p>Os cartazes s\u00e3o parte relevante da rica hist\u00f3ria do cinema brasileiro. No entanto, de vida ef\u00eamera, eles acabam relegados e esquecidos ap\u00f3s cumprirem sua fun\u00e7\u00e3o imediata de divulga\u00e7\u00e3o da obra cinematogr\u00e1fica em seu lan\u00e7amento. Sua fun\u00e7\u00e3o prec\u00edpua de divulga\u00e7\u00e3o, de publicidade, pode ter se enfraquecido nos \u00faltimos anos, por conta da internet e m\u00eddias sociais, mas ela foi essencial durante a maior parte do s\u00e9culo XX. S\u00e3o raros os estudos mais aprofundados dessa \u00e1rea do cinema nacional, e panoramas diversificados para compreender n\u00e3o apenas sua fun\u00e7\u00e3o, mas as varia\u00e7\u00f5es est\u00e9ticas, gr\u00e1ficas, ao longo das d\u00e9cadas, seja pelas t\u00e9cnicas, ou pelas tem\u00e1ticas. S\u00e3o esses vazios na hist\u00f3ria do cinema nacional que pretendemos ajudar a suprir com um estudo amplo e aprofundado dos cartazes do cinema nacional. Esse estudo se dar\u00e1 a partir de um levantamento bibliofr\u00e1fico e iconogr\u00e1ficos, a partir dos acervos encontrados no Distrito Federal, e tamb\u00e9m com aux\u00edlio de grandes acervos documentais p\u00fablicos como o da Cinemateca Brasileira.<\/p>\n<\/div>\n\n\n\n<div class=\"wp-block-column is-layout-flow wp-block-column-is-layout-flow\">\n<figure class=\"wp-block-image size-large\"><img decoding=\"async\" loading=\"lazy\" width=\"1024\" height=\"666\" src=\"https:\/\/escritorioarte.com\/wp-content\/uploads\/2022\/02\/capa22-1024x666.jpg\" alt=\"\" class=\"wp-image-625\" srcset=\"https:\/\/escritorioarte.com\/wp-content\/uploads\/2022\/02\/capa22-1024x666.jpg 1024w, https:\/\/escritorioarte.com\/wp-content\/uploads\/2022\/02\/capa22-300x195.jpg 300w, https:\/\/escritorioarte.com\/wp-content\/uploads\/2022\/02\/capa22-768x499.jpg 768w, https:\/\/escritorioarte.com\/wp-content\/uploads\/2022\/02\/capa22.jpg 1200w\" sizes=\"(max-width: 1024px) 100vw, 1024px\" \/><\/figure>\n\n\n\n<h3 class=\"has-large-font-size wp-block-heading\" id=\"first-item-7\"><a href=\"https:\/\/escritorioarte.com\/wp-content\/uploads\/2022\/01\/Index_DF_2014-1.pdf\" data-type=\"URL\" data-id=\"https:\/\/escritorioarte.com\/wp-content\/uploads\/2022\/01\/Index_DF_2014-1.pdf\" target=\"_blank\" rel=\"noreferrer noopener\">Index: panorama das artes do livro no DF (2014)<\/a><\/h3>\n\n\n\n<p>Os empreendimentos das cadeias produtivas do setor criativo injetam cerca de R$ 152,9 bilh\u00f5es na economia brasileira, 11,4% do total movimentado em 2010. Os dados s\u00e3o do relat\u00f3rio da Confer\u00eancia das Na\u00e7\u00f5es Unidas sobre Com\u00e9rcio e Desenvolvimento (UNCTAD) e s\u00e3o refer\u00eancia quando o assunto \u00e9 Economia Criativa. No entanto, pouco ainda se sabe sobre os indicadores reais destes setores. Historicamente o mapeamento de dados quantitativos e qualitativos e estabelecimento de indicadores sobre as cadeias produtivas da cultura e seu impacto s\u00e3o escassos. Embora crescentes, ainda s\u00e3o poucas as iniciativas voltadas para este tipo<br>de levantamento, essenciais para identificar os potenciais e gargalos desta rede de profissionais na produ\u00e7\u00e3o de seus bens e servi\u00e7os.<\/p>\n\n\n\n<p><\/p>\n<\/div>\n<\/div>\n\n\n\n<div class=\"wp-block-columns alignwide tw-gutter-large is-layout-flex wp-container-10 wp-block-columns-is-layout-flex\">\n<div class=\"wp-block-column is-layout-flow wp-block-column-is-layout-flow\">\n<figure class=\"wp-block-image size-large\"><img decoding=\"async\" loading=\"lazy\" width=\"1024\" height=\"666\" src=\"https:\/\/escritorioarte.com\/wp-content\/uploads\/2022\/02\/capa24-1024x666.jpg\" alt=\"\" class=\"wp-image-627\" srcset=\"https:\/\/escritorioarte.com\/wp-content\/uploads\/2022\/02\/capa24-1024x666.jpg 1024w, https:\/\/escritorioarte.com\/wp-content\/uploads\/2022\/02\/capa24-300x195.jpg 300w, https:\/\/escritorioarte.com\/wp-content\/uploads\/2022\/02\/capa24-768x499.jpg 768w, https:\/\/escritorioarte.com\/wp-content\/uploads\/2022\/02\/capa24.jpg 1200w\" sizes=\"(max-width: 1024px) 100vw, 1024px\" \/><\/figure>\n\n\n\n<h3 class=\"has-large-font-size wp-block-heading\" id=\"second-item-6\"><a href=\"https:\/\/escritorioarte.com\/wp-content\/uploads\/2022\/01\/CARTILHA_INDEX_ENSINO_MEDIO.pdf\" data-type=\"URL\" data-id=\"https:\/\/escritorioarte.com\/wp-content\/uploads\/2022\/01\/CARTILHA_INDEX_ENSINO_MEDIO.pdf\" target=\"_blank\" rel=\"noreferrer noopener\">Cartilha Index &#8211; Ensino M\u00e9dio<\/a><\/h3>\n\n\n\n<p>Para falarmos da hist\u00f3ria do livro, \u00e9 preciso come\u00e7ar com a inven\u00e7\u00e3o da escrita, ocorrida em regi\u00f5es do Oriente M\u00e9dio e da \u00e1frica. a primeira forma de escrita surgiu na sum\u00e9ria, por volta de 3200 ac. Ela se transformaria na escrita cuneiforme, ou seja, escrita em forma de cunha, por conta dos instrumentos utilizados. Os hier\u00f3glifos eg\u00edpcios surgiram tamb\u00e9m na mesma \u00e9poca, mas sua origem precisa ainda ser melhor estudada. sistemas diferentes foram desenvolvidos de forma independente em diferentes regi\u00f5es, como na am\u00e9rica central, com os Olmecas, e na china. O estudo das origens da escrita, ali\u00e1s, \u00e9 ainda um campo aberto, novas descobertas certamente nos esperam.<\/p>\n<\/div>\n\n\n\n<div class=\"wp-block-column is-layout-flow wp-block-column-is-layout-flow\">\n<figure class=\"wp-block-image size-large\"><img decoding=\"async\" loading=\"lazy\" width=\"1024\" height=\"666\" src=\"https:\/\/escritorioarte.com\/wp-content\/uploads\/2022\/02\/capa23-1024x666.jpg\" alt=\"\" class=\"wp-image-628\" srcset=\"https:\/\/escritorioarte.com\/wp-content\/uploads\/2022\/02\/capa23-1024x666.jpg 1024w, https:\/\/escritorioarte.com\/wp-content\/uploads\/2022\/02\/capa23-300x195.jpg 300w, https:\/\/escritorioarte.com\/wp-content\/uploads\/2022\/02\/capa23-768x499.jpg 768w, https:\/\/escritorioarte.com\/wp-content\/uploads\/2022\/02\/capa23.jpg 1200w\" sizes=\"(max-width: 1024px) 100vw, 1024px\" \/><\/figure>\n\n\n\n<h3 class=\"has-large-font-size wp-block-heading\" id=\"first-item-7\"><a href=\"https:\/\/escritorioarte.com\/wp-content\/uploads\/2022\/01\/CARTILHA_INDEX_ENSINO_FUNDAMENTAL.pdf\" data-type=\"URL\" data-id=\"https:\/\/escritorioarte.com\/wp-content\/uploads\/2022\/01\/CARTILHA_INDEX_ENSINO_FUNDAMENTAL.pdf\" target=\"_blank\" rel=\"noreferrer noopener\">Cartilha Index &#8211; Ensino Fundamental<\/a><\/h3>\n\n\n\n<p>Muito tempo atr\u00e1s, antes do livro, a \u00fanica forma de contar hist\u00f3rias era usando a mem\u00f3ria, passada dos av\u00f3s para os filhos e netos. Quando dependemos de nossa mem\u00f3ria apenas, n\u00e3o se pode registrar tanta coisa. Depois veio a escrita e, com ela, a quantidade de informa\u00e7\u00f5es que conseguimos guardar aumentou muito. Os primeiros registros que conhecemos s\u00e3o de mais de 4 mil anos atr\u00e1s! v\u00e1rios tipos de escritas diferentes foram inventados, em regi\u00f5es diversas do mundo. aqui nas am\u00e9ricas, um povo que vivia no sul do M\u00e9xico \u2013 os Olmecas \u2013 inventaram um sistema de escrita pr\u00f3prio. v\u00e1rias dessas escritas n\u00f3s n\u00e3o entendemos ainda muito bem. alguns pesquisadores passam a vida toda tentando descobrir o que foi escrito por esses povos antigos.<\/p>\n<\/div>\n<\/div>\n\n\n\n<div class=\"wp-block-columns alignwide tw-gutter-large is-layout-flex wp-container-13 wp-block-columns-is-layout-flex\">\n<div class=\"wp-block-column is-layout-flow wp-block-column-is-layout-flow\">\n<figure class=\"wp-block-image size-large\"><img decoding=\"async\" loading=\"lazy\" width=\"1024\" height=\"666\" src=\"https:\/\/escritorioarte.com\/wp-content\/uploads\/2022\/02\/capa4-1024x666.jpg\" alt=\"\" class=\"wp-image-585\" srcset=\"https:\/\/escritorioarte.com\/wp-content\/uploads\/2022\/02\/capa4-1024x666.jpg 1024w, https:\/\/escritorioarte.com\/wp-content\/uploads\/2022\/02\/capa4-300x195.jpg 300w, https:\/\/escritorioarte.com\/wp-content\/uploads\/2022\/02\/capa4-768x499.jpg 768w, https:\/\/escritorioarte.com\/wp-content\/uploads\/2022\/02\/capa4.jpg 1200w\" sizes=\"(max-width: 1024px) 100vw, 1024px\" \/><\/figure>\n\n\n\n<h3 class=\"has-large-font-size wp-block-heading\" id=\"milan-dusek-obra-gravada\"><a href=\"https:\/\/escritorioarte.com\/wp-content\/uploads\/2022\/01\/MILAN_DUSEK_catalogo_HIGH.compressed-1.pdf\" data-type=\"URL\" data-id=\"https:\/\/escritorioarte.com\/wp-content\/uploads\/2022\/01\/MILAN_DUSEK_catalogo_HIGH.compressed-1.pdf\" target=\"_blank\" rel=\"noreferrer noopener\">Milan Dusek: obra gravada<\/a><\/h3>\n\n\n\n<p>Em casa, Milan circunda-se de arte. S\u00e3o pinturas, esculturas, gravuras e desenhos \u2013 todos seus \u2013 ocupando o espa\u00e7o poss\u00edvel. Outrora, tivera tamb\u00e9m nas paredes obras de colegas gravadores, como Jos\u00e9 Assump\u00e7\u00e3o Souza, que conhecera ainda no Rio de Janeiro. Se hoje essas obras est\u00e3o na gaveta, o testemunho fica na mancha de sol no papel. Sol esse que passa silencioso por entre os blocos de um painel na sala, cuja beleza est\u00e1 reservada a quem est\u00e1 dentro. A mesa de centro, entre os sof\u00e1s, \u00e9 feita de matrizes de cobre \u2013 d\u00e1 mesmo vontade de imprimi-la. O sil\u00eancio \u00e9 quebrado apenas pelo canto dos passarinhos que frequentam o jardim.<\/p>\n<\/div>\n\n\n\n<div class=\"wp-block-column is-layout-flow wp-block-column-is-layout-flow\"><\/div>\n<\/div>\n<\/div><\/div>\n","protected":false},"excerpt":{"rendered":"<p>Xingu 57 O Museu Nacional da Rep\u00fablica recebe, entre 18 de mar\u00e7o e 22 de maio de 2022, acervo in\u00e9dito de registros fotogr\u00e1ficos de uma expedi\u00e7\u00e3o ao Alto Xingu realizada em 1957. As imagens s\u00e3o de autoria de Domiciano Pereira de Souza Dias, cientista que, na companhia do sertanista Orlando Villas B\u00f4as, desceu os rios&hellip; <a class=\"more-link\" href=\"https:\/\/escritorioarte.com\/index.php\/projetos\/\">Continue reading <span class=\"screen-reader-text\">Projetos<\/span><\/a><\/p>\n","protected":false},"author":1,"featured_media":0,"parent":0,"menu_order":0,"comment_status":"closed","ping_status":"closed","template":"","meta":{"_themeisle_gutenberg_block_has_review":false,"spay_email":"","footnotes":""},"_links":{"self":[{"href":"https:\/\/escritorioarte.com\/index.php\/wp-json\/wp\/v2\/pages\/512"}],"collection":[{"href":"https:\/\/escritorioarte.com\/index.php\/wp-json\/wp\/v2\/pages"}],"about":[{"href":"https:\/\/escritorioarte.com\/index.php\/wp-json\/wp\/v2\/types\/page"}],"author":[{"embeddable":true,"href":"https:\/\/escritorioarte.com\/index.php\/wp-json\/wp\/v2\/users\/1"}],"replies":[{"embeddable":true,"href":"https:\/\/escritorioarte.com\/index.php\/wp-json\/wp\/v2\/comments?post=512"}],"version-history":[{"count":41,"href":"https:\/\/escritorioarte.com\/index.php\/wp-json\/wp\/v2\/pages\/512\/revisions"}],"predecessor-version":[{"id":1148,"href":"https:\/\/escritorioarte.com\/index.php\/wp-json\/wp\/v2\/pages\/512\/revisions\/1148"}],"wp:attachment":[{"href":"https:\/\/escritorioarte.com\/index.php\/wp-json\/wp\/v2\/media?parent=512"}],"curies":[{"name":"wp","href":"https:\/\/api.w.org\/{rel}","templated":true}]}}