{"id":155,"date":"2022-01-06T20:20:13","date_gmt":"2022-01-06T23:20:13","guid":{"rendered":"https:\/\/escritorioarte.com\/?page_id=155"},"modified":"2022-03-24T13:08:43","modified_gmt":"2022-03-24T16:08:43","slug":"consultoria","status":"publish","type":"page","link":"https:\/\/escritorioarte.com\/index.php\/consultoria\/","title":{"rendered":"Servi\u00e7os e Assessoria"},"content":{"rendered":"\n<div class=\"wp-block-group alignfull is-layout-flow wp-block-group-is-layout-flow\"><div class=\"wp-block-group__inner-container\">\n<div class=\"wp-block-columns alignwide is-layout-flex wp-container-3 wp-block-columns-is-layout-flex\">\n<div class=\"wp-block-column is-layout-flow wp-block-column-is-layout-flow\">\n<h2 class=\"tw-mb-2 has-large-font-size wp-block-heading\" id=\"laura-adams-2\">Temos experi\u00eancia em:<\/h2>\n<\/div>\n\n\n\n<div class=\"wp-block-column is-layout-flow wp-block-column-is-layout-flow\">\n<ul><li>Avalia\u00e7\u00e3o de acervos e esp\u00f3lios;<\/li><li>Avalia\u00e7\u00e3o de obras de arte e bibliotecas;<\/li><li>Assessoria para desenvolvimento de cole\u00e7\u00f5es;<\/li><li>Consultoria sobre mercado de arte;<\/li><li>Compra e venda de obras de arte;<\/li><li>Elabora\u00e7\u00e3o de pesquisas e projetos culturais;<\/li><li>Per\u00edcia e avalia\u00e7\u00e3o de obras de arte, antiguidades e obras raras;<\/li><li>Representa\u00e7\u00e3o de artistas;<\/li><li>Desenvolvimento de banco de dados especializados;<\/li><li>Tradu\u00e7\u00e3o e vers\u00e3o ingl\u00eas-portugu\u00eas no campo das Artes.<\/li><\/ul>\n<\/div>\n<\/div>\n<\/div><\/div>\n","protected":false},"excerpt":{"rendered":"<p>Temos experi\u00eancia em: Avalia\u00e7\u00e3o de acervos e esp\u00f3lios; Avalia\u00e7\u00e3o de obras de arte e bibliotecas; Assessoria para desenvolvimento de cole\u00e7\u00f5es; Consultoria sobre mercado de arte; Compra e venda de obras de arte; Elabora\u00e7\u00e3o de pesquisas e projetos culturais; Per\u00edcia e avalia\u00e7\u00e3o de obras de arte, antiguidades e obras raras; Representa\u00e7\u00e3o de artistas; Desenvolvimento de banco&hellip; <a class=\"more-link\" href=\"https:\/\/escritorioarte.com\/index.php\/consultoria\/\">Continue reading <span class=\"screen-reader-text\">Servi\u00e7os e Assessoria<\/span><\/a><\/p>\n","protected":false},"author":1,"featured_media":0,"parent":0,"menu_order":0,"comment_status":"closed","ping_status":"closed","template":"","meta":{"_themeisle_gutenberg_block_has_review":false,"spay_email":"","footnotes":""},"_links":{"self":[{"href":"https:\/\/escritorioarte.com\/index.php\/wp-json\/wp\/v2\/pages\/155"}],"collection":[{"href":"https:\/\/escritorioarte.com\/index.php\/wp-json\/wp\/v2\/pages"}],"about":[{"href":"https:\/\/escritorioarte.com\/index.php\/wp-json\/wp\/v2\/types\/page"}],"author":[{"embeddable":true,"href":"https:\/\/escritorioarte.com\/index.php\/wp-json\/wp\/v2\/users\/1"}],"replies":[{"embeddable":true,"href":"https:\/\/escritorioarte.com\/index.php\/wp-json\/wp\/v2\/comments?post=155"}],"version-history":[{"count":18,"href":"https:\/\/escritorioarte.com\/index.php\/wp-json\/wp\/v2\/pages\/155\/revisions"}],"predecessor-version":[{"id":893,"href":"https:\/\/escritorioarte.com\/index.php\/wp-json\/wp\/v2\/pages\/155\/revisions\/893"}],"wp:attachment":[{"href":"https:\/\/escritorioarte.com\/index.php\/wp-json\/wp\/v2\/media?parent=155"}],"curies":[{"name":"wp","href":"https:\/\/api.w.org\/{rel}","templated":true}]}}