{"id":11,"date":"2022-01-04T20:01:10","date_gmt":"2022-01-04T23:01:10","guid":{"rendered":"https:\/\/escritorioarte.com\/?page_id=11"},"modified":"2022-03-24T13:31:55","modified_gmt":"2022-03-24T16:31:55","slug":"contact","status":"publish","type":"page","link":"https:\/\/escritorioarte.com\/index.php\/contact\/","title":{"rendered":"Sobre"},"content":{"rendered":"\n<div class=\"wp-block-group alignfull is-layout-flow wp-block-group-is-layout-flow\"><div class=\"wp-block-group__inner-container\">\n<div class=\"wp-block-columns alignwide are-vertically-aligned-center tw-gutter-large is-layout-flex wp-container-3 wp-block-columns-is-layout-flex\">\n<div class=\"wp-block-column is-vertically-aligned-center is-layout-flow wp-block-column-is-layout-flow\">\n<div class=\"wp-block-image\"><figure class=\"aligncenter size-large\"><img decoding=\"async\" loading=\"lazy\" width=\"1024\" height=\"683\" src=\"https:\/\/escritorioarte.com\/wp-content\/uploads\/2022\/01\/IMG_6829-1024x683.jpg\" alt=\"\" class=\"wp-image-322\" srcset=\"https:\/\/escritorioarte.com\/wp-content\/uploads\/2022\/01\/IMG_6829-1024x683.jpg 1024w, https:\/\/escritorioarte.com\/wp-content\/uploads\/2022\/01\/IMG_6829-300x200.jpg 300w, https:\/\/escritorioarte.com\/wp-content\/uploads\/2022\/01\/IMG_6829-768x512.jpg 768w, https:\/\/escritorioarte.com\/wp-content\/uploads\/2022\/01\/IMG_6829-1536x1024.jpg 1536w, https:\/\/escritorioarte.com\/wp-content\/uploads\/2022\/01\/IMG_6829-2048x1365.jpg 2048w, https:\/\/escritorioarte.com\/wp-content\/uploads\/2022\/01\/IMG_6829-1568x1045.jpg 1568w\" sizes=\"(max-width: 1024px) 100vw, 1024px\" \/><\/figure><\/div>\n<\/div>\n\n\n\n<div class=\"wp-block-column is-vertically-aligned-center is-layout-flow wp-block-column-is-layout-flow\">\n<h2 class=\"wp-block-heading\" id=\"write-a-heading-9\">Oto Reifschneider<\/h2>\n\n\n\n<p>Oto Reifschneider \u00e9 bacharel em Hist\u00f3ria, mestre em Sociologia e doutor em Ci\u00eancia da Informa\u00e7\u00e3o pela Universidade de Bras\u00edlia. Tem artigos publicados nas revistas do Instituto Hist\u00f3rico e Geogr\u00e1fico Brasileiro, da Academia Brasileira de Letras e das universidades de Bras\u00edlia, Brown e S\u00e3o Paulo, entre outras.<\/p>\n\n\n\n<p>\u00c9 tamb\u00e9m membro da Associa\u00e7\u00e3o Brasileira de Bibli\u00f3filos. Foi pesquisador, curador e organizador do volume \u201cMilan Dusek: obra gravada\u201d e foi tamb\u00e9m idealizador e produtor executivo do projeto Index DF, ambos dispon\u00edveis para consulta online. Especialista em obras raras e colecionismo \u2013 tema de sua tese de doutorado \u2013 h\u00e1 quinze anos pesquisa as t\u00e9cnicas e hist\u00f3ria da gravura no Brasil. Foi curador de exposi\u00e7\u00f5es em Bras\u00edlia e em Doha\/Qatar, tendo como tem\u00e1tica sempre a gravura brasileira. Dedicou-se, nos \u00faltimos anos, tamb\u00e9m \u00e0 cer\u00e2mica.<\/p>\n<\/div>\n<\/div>\n\n\n\n<div class=\"wp-block-columns alignwide are-vertically-aligned-center tw-mt-9 is-style-default tw-gutter-large has-text-align-center is-layout-flex wp-container-9 wp-block-columns-is-layout-flex\">\n<div class=\"wp-block-column is-vertically-aligned-center is-layout-flow wp-block-column-is-layout-flow\">\n<h3 class=\"alignwide has-medium-font-size wp-block-heading\" id=\"endereco\">Endere\u00e7o<\/h3>\n\n\n\n<p class=\"tw-link-hover-underline has-small-font-size\"><a href=\"mailto:residential@example.com\">SCLN 302 Bloco E Loja 41&nbsp; &#8211; Asa Norte, Bras\u00edlia &#8211; DF, 70723<\/a>-550<\/p>\n<\/div>\n\n\n\n<div class=\"wp-block-column is-vertically-aligned-center is-layout-flow wp-block-column-is-layout-flow\">\n<h3 class=\"alignwide has-medium-font-size wp-block-heading\" id=\"e-mail\">E-mail<\/h3>\n\n\n\n<p class=\"tw-link-hover-underline has-small-font-size\"><a href=\"mailto:commercial@example.com\">contato@escritorioarte.com<\/a><\/p>\n<\/div>\n\n\n\n<div class=\"wp-block-column is-vertically-aligned-center is-layout-flow wp-block-column-is-layout-flow\">\n<h3 class=\"alignwide has-medium-font-size wp-block-heading\" id=\"telefone\">Telefone<\/h3>\n\n\n\n<p class=\"tw-link-hover-underline has-small-font-size\">(61) 98168-4293<\/p>\n<\/div>\n\n\n\n<div class=\"wp-block-column is-vertically-aligned-center is-layout-flow wp-block-column-is-layout-flow\">\n<h3 class=\"alignwide has-medium-font-size wp-block-heading\" id=\"redes-sociais\">Redes Sociais<\/h3>\n\n\n\n<ul class=\"wp-block-social-links has-small-icon-size has-icon-color is-style-logos-only is-content-justification-center is-layout-flex wp-container-7 wp-block-social-links-is-layout-flex\"><li style=\"color: #000000; \" class=\"wp-social-link wp-social-link-facebook has-black-color wp-block-social-link\"><a rel=\" noopener nofollow\" target=\"_blank\" href=\"https:\/\/www.facebook.com\/escritorioarte\/\" class=\"wp-block-social-link-anchor\"><svg width=\"24\" height=\"24\" viewBox=\"0 0 24 24\" version=\"1.1\" xmlns=\"http:\/\/www.w3.org\/2000\/svg\" aria-hidden=\"true\" focusable=\"false\"><path d=\"M12 2C6.5 2 2 6.5 2 12c0 5 3.7 9.1 8.4 9.9v-7H7.9V12h2.5V9.8c0-2.5 1.5-3.9 3.8-3.9 1.1 0 2.2.2 2.2.2v2.5h-1.3c-1.2 0-1.6.8-1.6 1.6V12h2.8l-.4 2.9h-2.3v7C18.3 21.1 22 17 22 12c0-5.5-4.5-10-10-10z\"><\/path><\/svg><span class=\"wp-block-social-link-label screen-reader-text\">Facebook<\/span><\/a><\/li>\n\n<li style=\"color: #000000; \" class=\"wp-social-link wp-social-link-instagram has-black-color wp-block-social-link\"><a rel=\" noopener nofollow\" target=\"_blank\" href=\"https:\/\/www.instagram.com\/otogaleria\/\" class=\"wp-block-social-link-anchor\"><svg width=\"24\" height=\"24\" viewBox=\"0 0 24 24\" version=\"1.1\" xmlns=\"http:\/\/www.w3.org\/2000\/svg\" aria-hidden=\"true\" focusable=\"false\"><path d=\"M12,4.622c2.403,0,2.688,0.009,3.637,0.052c0.877,0.04,1.354,0.187,1.671,0.31c0.42,0.163,0.72,0.358,1.035,0.673 c0.315,0.315,0.51,0.615,0.673,1.035c0.123,0.317,0.27,0.794,0.31,1.671c0.043,0.949,0.052,1.234,0.052,3.637 s-0.009,2.688-0.052,3.637c-0.04,0.877-0.187,1.354-0.31,1.671c-0.163,0.42-0.358,0.72-0.673,1.035 c-0.315,0.315-0.615,0.51-1.035,0.673c-0.317,0.123-0.794,0.27-1.671,0.31c-0.949,0.043-1.233,0.052-3.637,0.052 s-2.688-0.009-3.637-0.052c-0.877-0.04-1.354-0.187-1.671-0.31c-0.42-0.163-0.72-0.358-1.035-0.673 c-0.315-0.315-0.51-0.615-0.673-1.035c-0.123-0.317-0.27-0.794-0.31-1.671C4.631,14.688,4.622,14.403,4.622,12 s0.009-2.688,0.052-3.637c0.04-0.877,0.187-1.354,0.31-1.671c0.163-0.42,0.358-0.72,0.673-1.035 c0.315-0.315,0.615-0.51,1.035-0.673c0.317-0.123,0.794-0.27,1.671-0.31C9.312,4.631,9.597,4.622,12,4.622 M12,3 C9.556,3,9.249,3.01,8.289,3.054C7.331,3.098,6.677,3.25,6.105,3.472C5.513,3.702,5.011,4.01,4.511,4.511 c-0.5,0.5-0.808,1.002-1.038,1.594C3.25,6.677,3.098,7.331,3.054,8.289C3.01,9.249,3,9.556,3,12c0,2.444,0.01,2.751,0.054,3.711 c0.044,0.958,0.196,1.612,0.418,2.185c0.23,0.592,0.538,1.094,1.038,1.594c0.5,0.5,1.002,0.808,1.594,1.038 c0.572,0.222,1.227,0.375,2.185,0.418C9.249,20.99,9.556,21,12,21s2.751-0.01,3.711-0.054c0.958-0.044,1.612-0.196,2.185-0.418 c0.592-0.23,1.094-0.538,1.594-1.038c0.5-0.5,0.808-1.002,1.038-1.594c0.222-0.572,0.375-1.227,0.418-2.185 C20.99,14.751,21,14.444,21,12s-0.01-2.751-0.054-3.711c-0.044-0.958-0.196-1.612-0.418-2.185c-0.23-0.592-0.538-1.094-1.038-1.594 c-0.5-0.5-1.002-0.808-1.594-1.038c-0.572-0.222-1.227-0.375-2.185-0.418C14.751,3.01,14.444,3,12,3L12,3z M12,7.378 c-2.552,0-4.622,2.069-4.622,4.622S9.448,16.622,12,16.622s4.622-2.069,4.622-4.622S14.552,7.378,12,7.378z M12,15 c-1.657,0-3-1.343-3-3s1.343-3,3-3s3,1.343,3,3S13.657,15,12,15z M16.804,6.116c-0.596,0-1.08,0.484-1.08,1.08 s0.484,1.08,1.08,1.08c0.596,0,1.08-0.484,1.08-1.08S17.401,6.116,16.804,6.116z\"><\/path><\/svg><span class=\"wp-block-social-link-label screen-reader-text\">Instagram<\/span><\/a><\/li>\n\n\n\n<\/ul>\n<\/div>\n<\/div>\n<\/div><\/div>\n","protected":false},"excerpt":{"rendered":"<p>Oto Reifschneider Oto Reifschneider \u00e9 bacharel em Hist\u00f3ria, mestre em Sociologia e doutor em Ci\u00eancia da Informa\u00e7\u00e3o pela Universidade de Bras\u00edlia. Tem artigos publicados nas revistas do Instituto Hist\u00f3rico e Geogr\u00e1fico Brasileiro, da Academia Brasileira de Letras e das universidades de Bras\u00edlia, Brown e S\u00e3o Paulo, entre outras. \u00c9 tamb\u00e9m membro da Associa\u00e7\u00e3o Brasileira de&hellip; <a class=\"more-link\" href=\"https:\/\/escritorioarte.com\/index.php\/contact\/\">Continue reading <span class=\"screen-reader-text\">Sobre<\/span><\/a><\/p>\n","protected":false},"author":1,"featured_media":0,"parent":0,"menu_order":0,"comment_status":"closed","ping_status":"closed","template":"","meta":{"_themeisle_gutenberg_block_has_review":false,"spay_email":"","footnotes":""},"_links":{"self":[{"href":"https:\/\/escritorioarte.com\/index.php\/wp-json\/wp\/v2\/pages\/11"}],"collection":[{"href":"https:\/\/escritorioarte.com\/index.php\/wp-json\/wp\/v2\/pages"}],"about":[{"href":"https:\/\/escritorioarte.com\/index.php\/wp-json\/wp\/v2\/types\/page"}],"author":[{"embeddable":true,"href":"https:\/\/escritorioarte.com\/index.php\/wp-json\/wp\/v2\/users\/1"}],"replies":[{"embeddable":true,"href":"https:\/\/escritorioarte.com\/index.php\/wp-json\/wp\/v2\/comments?post=11"}],"version-history":[{"count":26,"href":"https:\/\/escritorioarte.com\/index.php\/wp-json\/wp\/v2\/pages\/11\/revisions"}],"predecessor-version":[{"id":925,"href":"https:\/\/escritorioarte.com\/index.php\/wp-json\/wp\/v2\/pages\/11\/revisions\/925"}],"wp:attachment":[{"href":"https:\/\/escritorioarte.com\/index.php\/wp-json\/wp\/v2\/media?parent=11"}],"curies":[{"name":"wp","href":"https:\/\/api.w.org\/{rel}","templated":true}]}}